{"id":472,"date":"2024-10-02T15:56:21","date_gmt":"2024-10-02T13:56:21","guid":{"rendered":"https:\/\/vk02xz.dailysettrends.com\/?page_id=472"},"modified":"2026-03-17T13:01:15","modified_gmt":"2026-03-17T12:01:15","slug":"clubmitgliedschaft","status":"publish","type":"page","link":"https:\/\/s-e-t.com\/en\/clubmitgliedschaft\/","title":{"rendered":"Club membership"},"content":{"rendered":"<div data-elementor-type=\"wp-page\" data-elementor-id=\"472\" class=\"elementor elementor-472\" data-elementor-post-type=\"page\">\n\t\t\t\t<div class=\"elementor-element elementor-element-f952c57 e-flex e-con-boxed e-con e-parent\" data-id=\"f952c57\" data-element_type=\"container\" data-settings=\"{&quot;background_background&quot;:&quot;classic&quot;}\">\n\t\t\t\t\t<div class=\"e-con-inner\">\n\t\t\t\t<div class=\"elementor-element elementor-element-4845812 elementor-widget elementor-widget-heading\" data-id=\"4845812\" data-element_type=\"widget\" data-widget_type=\"heading.default\">\n\t\t\t\t<div class=\"elementor-widget-container\">\n\t\t\t<h1 class=\"elementor-heading-title elementor-size-default\">Welcome to the Club!<\/h1>\t\t<\/div>\n\t\t\t\t<\/div>\n\t\t\t\t<div class=\"elementor-element elementor-element-116e19f elementor-widget elementor-widget-text-editor\" data-id=\"116e19f\" data-element_type=\"widget\" data-widget_type=\"text-editor.default\">\n\t\t\t\t<div class=\"elementor-widget-container\">\n\t\t\t\t\t\t\t<p>Club Membership: More Community. More Opportunities. More Industry.<\/p>\t\t\t\t\t\t<\/div>\n\t\t\t\t<\/div>\n\t\t\t\t<div class=\"elementor-element elementor-element-ee9de97 anmeldung-club-button elementor-hidden-tablet elementor-hidden-mobile elementor-widget elementor-widget-button\" data-id=\"ee9de97\" data-element_type=\"widget\" data-widget_type=\"button.default\">\n\t\t\t\t<div class=\"elementor-widget-container\">\n\t\t\t\t\t<div class=\"elementor-button-wrapper\">\n\t\t\t<a class=\"elementor-button elementor-button-link elementor-size-sm\" href=\"https:\/\/s-e-t.com\/wp-content\/uploads\/2026\/03\/SET_Datenblatt_Club.pdf\">\n\t\t\t\t\t\t<span class=\"elementor-button-content-wrapper\">\n\t\t\t\t\t\t\t\t\t<span class=\"elementor-button-text\">Click here for details and registration!<\/span>\n\t\t\t\t\t<\/span>\n\t\t\t\t\t<\/a>\n\t\t<\/div>\n\t\t\t\t<\/div>\n\t\t\t\t<\/div>\n\t\t\t\t\t<\/div>\n\t\t\t\t<\/div>\n\t\t<div class=\"elementor-element elementor-element-beef400 e-con-full e-flex e-con e-parent\" data-id=\"beef400\" data-element_type=\"container\">\n\t\t<div class=\"elementor-element elementor-element-3fefb03 e-con-full e-flex e-con e-child\" data-id=\"3fefb03\" data-element_type=\"container\">\n\t\t\t\t<div class=\"elementor-element elementor-element-a009f48 elementor-widget elementor-widget-text-editor\" data-id=\"a009f48\" data-element_type=\"widget\" data-widget_type=\"text-editor.default\">\n\t\t\t\t<div class=\"elementor-widget-container\">\n\t\t\t\t\t\t\t<p class=\" translation-block\">Our newly introduced club membership offers a unique opportunity to actively shape the <b>future of the food industry.<\/b><\/p>\t\t\t\t\t\t<\/div>\n\t\t\t\t<\/div>\n\t\t\t\t<div class=\"elementor-element elementor-element-9c4413c elementor-hidden-mobile elementor-widget elementor-widget-text-editor\" data-id=\"9c4413c\" data-element_type=\"widget\" data-widget_type=\"text-editor.default\">\n\t\t\t\t<div class=\"elementor-widget-container\">\n\t\t\t\t\t\t\t<p class=\" translation-block\">Through close <b>collaboration between trade, industry, politics, science, and producers<\/b>, we can collectively develop sustainable, innovative, and future-proof solutions, setting trends rather than following them. All operational decision-makers in the industry are invited to join this movement and benefit from...<\/p>\t\t\t\t\t\t<\/div>\n\t\t\t\t<\/div>\n\t\t\t\t<\/div>\n\t\t<div class=\"elementor-element elementor-element-79f8868 e-con-full e-flex e-con e-child\" data-id=\"79f8868\" data-element_type=\"container\">\n\t\t\t\t<div class=\"elementor-element elementor-element-7bfdd87 elementor-hidden-mobile elementor-widget elementor-widget-text-editor\" data-id=\"7bfdd87\" data-element_type=\"widget\" data-widget_type=\"text-editor.default\">\n\t\t\t\t<div class=\"elementor-widget-container\">\n\t\t\t\t\t\t\t<p>the numerous exclusive benefits of our future platform. With the club membership, we create a strong and constructive network with diverse opportunities for peer-to-peer exchanges on various topics. Together, we lay the foundation for change, new solutions, and future developments in the industry. This fosters the necessary collaboration across the entire value chain to collectively address future topics and challenges.<\/p>\t\t\t\t\t\t<\/div>\n\t\t\t\t<\/div>\n\t\t\t\t<div class=\"elementor-element elementor-element-821cea6 elementor-hidden-desktop elementor-hidden-tablet elementor-widget elementor-widget-text-editor\" data-id=\"821cea6\" data-element_type=\"widget\" data-widget_type=\"text-editor.default\">\n\t\t\t\t<div class=\"elementor-widget-container\">\n\t\t\t\t\t\t\t<p>Durch die enge <b>Zusammenarbeit von Handel, Industrie, Politik, Wissenschaft und Erzeugern<\/b> k\u00f6nnen wir gemeinsam nachhaltige, innovative sowie zukunftssichere L\u00f6sungen entwickeln und die Trends setzen statt ihnen zu folgen. Alle operativen Branchenentscheider sind eingeladen, sich dieser Bewegung anzuschlie\u00dfen und von den zahlreichen exklusiven Vorteilen unserer Zukunftsplattform zu profitieren. Mit der Clubmitgliedschaft schaffen wir ein starkes und konstruktives Netzwerk mit vielf\u00e4ltigen M\u00f6glichkeiten, auf Augenh\u00f6he zu unterschiedlichen Themen in den Austausch zu kommen. Gemeinsam legen wir eine Basis f\u00fcr Ver\u00e4nderungen, neue L\u00f6sungsans\u00e4tze und zuk\u00fcnftige Entwicklungen in der Branche. So schaffen wir den notwendigen Schulterschluss \u00fcber die komplette Wertsch\u00f6pfungskette hinweg, um geschlossen zuk\u00fcnftige Themen und Herausforderungen bew\u00e4ltigen zu k\u00f6nnen.<\/p>\t\t\t\t\t\t<\/div>\n\t\t\t\t<\/div>\n\t\t\t\t<\/div>\n\t\t\t\t<\/div>\n\t\t<div class=\"elementor-element elementor-element-8dc4c35 e-con-full e-flex e-con e-parent\" data-id=\"8dc4c35\" data-element_type=\"container\">\n\t\t<div class=\"elementor-element elementor-element-654ae68 e-con-full e-flex e-con e-child\" data-id=\"654ae68\" data-element_type=\"container\">\n\t\t\t\t<div class=\"elementor-element elementor-element-2389d59 elementor-widget elementor-widget-image\" data-id=\"2389d59\" data-element_type=\"widget\" data-widget_type=\"image.default\">\n\t\t\t\t<div class=\"elementor-widget-container\">\n\t\t\t\t\t\t\t\t\t\t\t\t\t<img fetchpriority=\"high\" decoding=\"async\" width=\"2048\" height=\"606\" src=\"https:\/\/s-e-t.com\/wp-content\/uploads\/2024\/10\/Bild-1-1-2048x606.png\" class=\"attachment-2048x2048 size-2048x2048 wp-image-11362\" alt=\"Collage mit zwei H\u00e4nden vor blauem Hintergrund, eine Hand h\u00e4lt ein gr\u00fcnes Cocktailglas mit einer Orangenscheibe, die andere Hand h\u00e4lt drei rote Kirschen auf einem Spie\u00df, umgeben von gelben und gr\u00fcnen abstrakten Formen.\" srcset=\"https:\/\/s-e-t.com\/wp-content\/uploads\/2024\/10\/Bild-1-1-2048x606.png 2048w, https:\/\/s-e-t.com\/wp-content\/uploads\/2024\/10\/Bild-1-1-300x89.png 300w, https:\/\/s-e-t.com\/wp-content\/uploads\/2024\/10\/Bild-1-1-1024x303.png 1024w, https:\/\/s-e-t.com\/wp-content\/uploads\/2024\/10\/Bild-1-1-768x227.png 768w, https:\/\/s-e-t.com\/wp-content\/uploads\/2024\/10\/Bild-1-1-1536x454.png 1536w, https:\/\/s-e-t.com\/wp-content\/uploads\/2024\/10\/Bild-1-1-18x5.png 18w\" sizes=\"(max-width: 2048px) 100vw, 2048px\" \/>\t\t\t\t\t\t\t\t\t\t\t\t\t<\/div>\n\t\t\t\t<\/div>\n\t\t\t\t<\/div>\n\t\t\t\t<\/div>\n\t\t<div class=\"elementor-element elementor-element-fbab8d3 e-con-full e-flex e-con e-parent\" data-id=\"fbab8d3\" data-element_type=\"container\">\n\t\t\t\t<div class=\"elementor-element elementor-element-7d660b7 elementor-widget elementor-widget-heading\" data-id=\"7d660b7\" data-element_type=\"widget\" data-widget_type=\"heading.default\">\n\t\t\t\t<div class=\"elementor-widget-container\">\n\t\t\t<h2 class=\"elementor-heading-title elementor-size-default\">Welcome to the Club: Your Benefits<\/h2>\t\t<\/div>\n\t\t\t\t<\/div>\n\t\t\t\t<div class=\"elementor-element elementor-element-bcec36c elementor-widget elementor-widget-text-editor\" data-id=\"bcec36c\" data-element_type=\"widget\" data-widget_type=\"text-editor.default\">\n\t\t\t\t<div class=\"elementor-widget-container\">\n\t\t\t\t\t\t\t<p>Here's how you can benefit from the numerous exclusive advantages of our future platform!<\/p>\t\t\t\t\t\t<\/div>\n\t\t\t\t<\/div>\n\t\t\t\t<\/div>\n\t\t<div class=\"elementor-element elementor-element-ad00979 e-con-full e-flex e-con e-parent\" data-id=\"ad00979\" data-element_type=\"container\">\n\t\t<div class=\"elementor-element elementor-element-fef43a9 e-con-full e-flex e-con e-child\" data-id=\"fef43a9\" data-element_type=\"container\">\n\t\t\t\t<div class=\"elementor-element elementor-element-3c556ad elementor-position-left elementor-vertical-align-middle elementor-widget elementor-widget-image-box\" data-id=\"3c556ad\" data-element_type=\"widget\" data-widget_type=\"image-box.default\">\n\t\t\t\t<div class=\"elementor-widget-container\">\n\t\t\t<div class=\"elementor-image-box-wrapper\"><figure class=\"elementor-image-box-img\"><img decoding=\"async\" width=\"60\" height=\"59\" src=\"https:\/\/s-e-t.com\/wp-content\/uploads\/2024\/10\/vinko-icon-1.png\" class=\"attachment-full size-full wp-image-488\" alt=\"Symbol einer Hand, die ein Herz h\u00e4lt\" \/><\/figure><div class=\"elementor-image-box-content\"><h3 class=\"elementor-image-box-title\">Membership in an exclusive network <\/h3><p class=\"elementor-image-box-description\">from top decision-makers across the entire value chain.<\/p><\/div><\/div>\t\t<\/div>\n\t\t\t\t<\/div>\n\t\t\t\t<div class=\"elementor-element elementor-element-8af5e09 elementor-position-left elementor-vertical-align-middle elementor-widget elementor-widget-image-box\" data-id=\"8af5e09\" data-element_type=\"widget\" data-widget_type=\"image-box.default\">\n\t\t\t\t<div class=\"elementor-widget-container\">\n\t\t\t<div class=\"elementor-image-box-wrapper\"><figure class=\"elementor-image-box-img\"><img decoding=\"async\" width=\"60\" height=\"59\" src=\"https:\/\/s-e-t.com\/wp-content\/uploads\/2024\/10\/vinko-img-2.png\" class=\"attachment-full size-full wp-image-489\" alt=\"Gr\u00fcnes Symbol mit verwobenen Linien, die ein stilisiertes, abstraktes Muster bilden, auf wei\u00dfem Hintergrund\" \/><\/figure><div class=\"elementor-image-box-content\"><h3 class=\"elementor-image-box-title\">Short and regular communication channels <\/h3><p class=\"elementor-image-box-description\">on equal footing, creating and enhancing economic synergies<\/p><\/div><\/div>\t\t<\/div>\n\t\t\t\t<\/div>\n\t\t\t\t<div class=\"elementor-element elementor-element-941186a elementor-position-left elementor-vertical-align-middle elementor-widget elementor-widget-image-box\" data-id=\"941186a\" data-element_type=\"widget\" data-widget_type=\"image-box.default\">\n\t\t\t\t<div class=\"elementor-widget-container\">\n\t\t\t<div class=\"elementor-image-box-wrapper\"><figure class=\"elementor-image-box-img\"><img loading=\"lazy\" decoding=\"async\" width=\"60\" height=\"59\" src=\"https:\/\/s-e-t.com\/wp-content\/uploads\/2024\/10\/vinko-img-3.png\" class=\"attachment-full size-full wp-image-490\" alt=\"Schwarzes Etikettensymbol auf grauem Hintergrund\" \/><\/figure><div class=\"elementor-image-box-content\"><h3 class=\"elementor-image-box-title\">Reduced rates<\/h3><p class=\"elementor-image-box-description\">bei Live-Formaten (nach Verf\u00fcgbarkeit)<\/p><\/div><\/div>\t\t<\/div>\n\t\t\t\t<\/div>\n\t\t\t\t<\/div>\n\t\t<div class=\"elementor-element elementor-element-06cba1b e-con-full e-flex e-con e-child\" data-id=\"06cba1b\" data-element_type=\"container\">\n\t\t\t\t<div class=\"elementor-element elementor-element-1fabc91 elementor-position-left elementor-vertical-align-middle elementor-widget elementor-widget-image-box\" data-id=\"1fabc91\" data-element_type=\"widget\" data-widget_type=\"image-box.default\">\n\t\t\t\t<div class=\"elementor-widget-container\">\n\t\t\t<div class=\"elementor-image-box-wrapper\"><figure class=\"elementor-image-box-img\"><img loading=\"lazy\" decoding=\"async\" width=\"60\" height=\"59\" src=\"https:\/\/s-e-t.com\/wp-content\/uploads\/2024\/10\/vinko-icon-4.png\" class=\"attachment-full size-full wp-image-487\" alt=\"Schwarzes Symbol eines Abzeichens oder Medaillons mit einem Stern in der Mitte\" \/><\/figure><div class=\"elementor-image-box-content\"><h3 class=\"elementor-image-box-title\">Exclusive access<\/h3><p class=\"elementor-image-box-description\">zu FOODYNSIDER-Club-Content inkl. Executive Summaries<\/p><\/div><\/div>\t\t<\/div>\n\t\t\t\t<\/div>\n\t\t\t\t<div class=\"elementor-element elementor-element-460668b elementor-position-left elementor-vertical-align-middle elementor-widget elementor-widget-image-box\" data-id=\"460668b\" data-element_type=\"widget\" data-widget_type=\"image-box.default\">\n\t\t\t\t<div class=\"elementor-widget-container\">\n\t\t\t<div class=\"elementor-image-box-wrapper\"><figure class=\"elementor-image-box-img\"><img loading=\"lazy\" decoding=\"async\" width=\"60\" height=\"59\" src=\"https:\/\/s-e-t.com\/wp-content\/uploads\/2024\/10\/vinko-icon-4.png\" class=\"attachment-full size-full wp-image-487\" alt=\"Schwarzes Symbol eines Abzeichens oder Medaillons mit einem Stern in der Mitte\" \/><\/figure><div class=\"elementor-image-box-content\"><h3 class=\"elementor-image-box-title\">Exklusive Einladung<\/h3><p class=\"elementor-image-box-description\">als Gast zu Live-Aufzeichnungen der FOODYNSIDER Podcasts<\/p><\/div><\/div>\t\t<\/div>\n\t\t\t\t<\/div>\n\t\t\t\t<div class=\"elementor-element elementor-element-e9bf336 elementor-position-left elementor-vertical-align-middle elementor-widget elementor-widget-image-box\" data-id=\"e9bf336\" data-element_type=\"widget\" data-widget_type=\"image-box.default\">\n\t\t\t\t<div class=\"elementor-widget-container\">\n\t\t\t<div class=\"elementor-image-box-wrapper\"><figure class=\"elementor-image-box-img\"><img loading=\"lazy\" decoding=\"async\" width=\"60\" height=\"59\" src=\"https:\/\/s-e-t.com\/wp-content\/uploads\/2024\/10\/vinko-icon-4.png\" class=\"attachment-full size-full wp-image-487\" alt=\"Schwarzes Symbol eines Abzeichens oder Medaillons mit einem Stern in der Mitte\" \/><\/figure><div class=\"elementor-image-box-content\"><h3 class=\"elementor-image-box-title\">Exklusive Updates + Einladungsinfos<\/h3><p class=\"elementor-image-box-description\">zu ausgew\u00e4hlten zus\u00e4tzlichen Formaten (nach Verf\u00fcgbarkeit)<\/p><\/div><\/div>\t\t<\/div>\n\t\t\t\t<\/div>\n\t\t\t\t<div class=\"elementor-element elementor-element-d443d6f elementor-position-left elementor-vertical-align-middle elementor-widget elementor-widget-image-box\" data-id=\"d443d6f\" data-element_type=\"widget\" data-widget_type=\"image-box.default\">\n\t\t\t\t<div class=\"elementor-widget-container\">\n\t\t\t<div class=\"elementor-image-box-wrapper\"><figure class=\"elementor-image-box-img\"><img loading=\"lazy\" decoding=\"async\" width=\"60\" height=\"59\" src=\"https:\/\/s-e-t.com\/wp-content\/uploads\/2024\/10\/vinko-icon-4.png\" class=\"attachment-full size-full wp-image-487\" alt=\"Schwarzes Symbol eines Abzeichens oder Medaillons mit einem Stern in der Mitte\" \/><\/figure><div class=\"elementor-image-box-content\"><h3 class=\"elementor-image-box-title\">Exklusive Teilnahmem\u00f6glichkeit<\/h3><p class=\"elementor-image-box-description\">an 4 Expertentalks pro Jahr<\/p><\/div><\/div>\t\t<\/div>\n\t\t\t\t<\/div>\n\t\t\t\t<\/div>\n\t\t\t\t<\/div>\n\t\t<div class=\"elementor-element elementor-element-ce177c2 e-con-full e-flex e-con e-parent\" data-id=\"ce177c2\" data-element_type=\"container\" data-settings=\"{&quot;background_background&quot;:&quot;classic&quot;}\">\n\t\t<div class=\"elementor-element elementor-element-cfe43f0 e-con-full e-flex e-con e-child\" data-id=\"cfe43f0\" data-element_type=\"container\">\n\t\t\t\t<div class=\"elementor-element elementor-element-ca0acb9 elementor-widget elementor-widget-heading\" data-id=\"ca0acb9\" data-element_type=\"widget\" data-widget_type=\"heading.default\">\n\t\t\t\t<div class=\"elementor-widget-container\">\n\t\t\t<h2 class=\"elementor-heading-title elementor-size-default\">Everything about the Club<\/h2>\t\t<\/div>\n\t\t\t\t<\/div>\n\t\t\t\t<div class=\"elementor-element elementor-element-bfed22c elementor-widget elementor-widget-text-editor\" data-id=\"bfed22c\" data-element_type=\"widget\" data-widget_type=\"text-editor.default\">\n\t\t\t\t<div class=\"elementor-widget-container\">\n\t\t\t\t\t\t\t<p>Are you an operational decision-maker in the food industry interested in club membership or looking to become a club member?<\/p>\t\t\t\t\t\t<\/div>\n\t\t\t\t<\/div>\n\t\t\t\t<\/div>\n\t\t<div class=\"elementor-element elementor-element-fc42b3f e-con-full e-flex e-con e-child\" data-id=\"fc42b3f\" data-element_type=\"container\">\n\t\t\t\t<div class=\"elementor-element elementor-element-accba73 elementor-align-right elementor-mobile-align-left elementor-widget elementor-widget-button\" data-id=\"accba73\" data-element_type=\"widget\" data-widget_type=\"button.default\">\n\t\t\t\t<div class=\"elementor-widget-container\">\n\t\t\t\t\t<div class=\"elementor-button-wrapper\">\n\t\t\t<a class=\"elementor-button elementor-button-link elementor-size-sm\" href=\"https:\/\/s-e-t.com\/wp-content\/uploads\/2026\/03\/SET_Datenblatt_Club.pdf\" target=\"_blank\">\n\t\t\t\t\t\t<span class=\"elementor-button-content-wrapper\">\n\t\t\t\t\t\t\t\t\t<span class=\"elementor-button-text\">Click here for details and registration<\/span>\n\t\t\t\t\t<\/span>\n\t\t\t\t\t<\/a>\n\t\t<\/div>\n\t\t\t\t<\/div>\n\t\t\t\t<\/div>\n\t\t\t\t<\/div>\n\t\t\t\t<\/div>\n\t\t\t\t<\/div>","protected":false},"excerpt":{"rendered":"<p>Willkommen im Club! Clubmitgliedschaft: Mehr Gemeinschaft. Mehr Chancen. Mehr Branche. Hier geht\u2019s zu Details und Anmeldung! Unsere neu eingef\u00fchrte Clubmitgliedschaft bietet die einmalige Gelegenheit, die Zukunft der Lebensmittelbranche aktiv mitzugestalten. [&hellip;]<\/p>","protected":false},"author":4,"featured_media":0,"parent":0,"menu_order":0,"comment_status":"closed","ping_status":"closed","template":"elementor_header_footer","meta":{"footnotes":""},"class_list":["post-472","page","type-page","status-publish","hentry"],"_links":{"self":[{"href":"https:\/\/s-e-t.com\/en\/wp-json\/wp\/v2\/pages\/472","targetHints":{"allow":["GET"]}}],"collection":[{"href":"https:\/\/s-e-t.com\/en\/wp-json\/wp\/v2\/pages"}],"about":[{"href":"https:\/\/s-e-t.com\/en\/wp-json\/wp\/v2\/types\/page"}],"author":[{"embeddable":true,"href":"https:\/\/s-e-t.com\/en\/wp-json\/wp\/v2\/users\/4"}],"replies":[{"embeddable":true,"href":"https:\/\/s-e-t.com\/en\/wp-json\/wp\/v2\/comments?post=472"}],"version-history":[{"count":10,"href":"https:\/\/s-e-t.com\/en\/wp-json\/wp\/v2\/pages\/472\/revisions"}],"predecessor-version":[{"id":12929,"href":"https:\/\/s-e-t.com\/en\/wp-json\/wp\/v2\/pages\/472\/revisions\/12929"}],"wp:attachment":[{"href":"https:\/\/s-e-t.com\/en\/wp-json\/wp\/v2\/media?parent=472"}],"curies":[{"name":"wp","href":"https:\/\/api.w.org\/{rel}","templated":true}]}}