{"id":159,"date":"2024-09-30T23:09:04","date_gmt":"2024-09-30T21:09:04","guid":{"rendered":"https:\/\/vk02xz.dailysettrends.com\/?page_id=159"},"modified":"2025-09-08T02:05:25","modified_gmt":"2025-09-08T00:05:25","slug":"nachwuchsforderung","status":"publish","type":"page","link":"https:\/\/s-e-t.com\/en\/nachwuchsforderung\/","title":{"rendered":"Youth development"},"content":{"rendered":"<div data-elementor-type=\"wp-page\" data-elementor-id=\"159\" class=\"elementor elementor-159\" data-elementor-post-type=\"page\">\n\t\t\t\t<div class=\"elementor-element elementor-element-270a627 e-flex e-con-boxed e-con e-parent\" data-id=\"270a627\" data-element_type=\"container\" data-settings=\"{&quot;background_background&quot;:&quot;classic&quot;}\">\n\t\t\t\t\t<div class=\"e-con-inner\">\n\t\t\t\t<div class=\"elementor-element elementor-element-bd30529 elementor-widget elementor-widget-heading\" data-id=\"bd30529\" data-element_type=\"widget\" data-widget_type=\"heading.default\">\n\t\t\t\t<div class=\"elementor-widget-container\">\n\t\t\t<h1 class=\"elementor-heading-title elementor-size-default\">Promoting industry youth<\/h1>\t\t<\/div>\n\t\t\t\t<\/div>\n\t\t\t\t<div class=\"elementor-element elementor-element-f388850 elementor-widget elementor-widget-text-editor\" data-id=\"f388850\" data-element_type=\"widget\" data-widget_type=\"text-editor.default\">\n\t\t\t\t<div class=\"elementor-widget-container\">\n\t\t\t\t\t\t\t<p>The symposium promotes, connects, and empowers the leaders of tomorrow.<\/p>\t\t\t\t\t\t<\/div>\n\t\t\t\t<\/div>\n\t\t\t\t\t<\/div>\n\t\t\t\t<\/div>\n\t\t<div class=\"elementor-element elementor-element-26680bf e-con-full e-flex e-con e-parent\" data-id=\"26680bf\" data-element_type=\"container\">\n\t\t<div class=\"elementor-element elementor-element-2bd4d98 e-con-full e-flex e-con e-child\" data-id=\"2bd4d98\" data-element_type=\"container\">\n\t\t\t\t<div class=\"elementor-element elementor-element-e2d551d elementor-widget elementor-widget-heading\" data-id=\"e2d551d\" data-element_type=\"widget\" data-widget_type=\"heading.default\">\n\t\t\t\t<div class=\"elementor-widget-container\">\n\t\t\t<h2 class=\"elementor-heading-title elementor-size-default\">Future-proof through youth development.<\/h2>\t\t<\/div>\n\t\t\t\t<\/div>\n\t\t\t\t<div class=\"elementor-element elementor-element-b3ea32f elementor-widget elementor-widget-text-editor\" data-id=\"b3ea32f\" data-element_type=\"widget\" data-widget_type=\"text-editor.default\">\n\t\t\t\t<div class=\"elementor-widget-container\">\n\t\t\t\t\t\t\t<p>The Symposium promotes, connects, and empowers the next generation of industry professionals. At the events hosted by this dialogue platform, future leaders gain access to current and future decision-making networks. By providing insights and practical training through experienced speakers, new career opportunities are created, enabling active participation in shaping the industry's future.<\/p>\t\t\t\t\t\t<\/div>\n\t\t\t\t<\/div>\n\t\t\t\t<\/div>\n\t\t<div class=\"elementor-element elementor-element-807f01e e-con-full e-flex e-con e-child\" data-id=\"807f01e\" data-element_type=\"container\">\n\t\t\t\t<div class=\"elementor-element elementor-element-8f3bbd3 elementor-widget elementor-widget-heading\" data-id=\"8f3bbd3\" data-element_type=\"widget\" data-widget_type=\"heading.default\">\n\t\t\t\t<div class=\"elementor-widget-container\">\n\t\t\t<h2 class=\"elementor-heading-title elementor-size-default\"><br>\n<br><\/h2>\t\t<\/div>\n\t\t\t\t<\/div>\n\t\t\t\t<div class=\"elementor-element elementor-element-9acea32 elementor-widget elementor-widget-text-editor\" data-id=\"9acea32\" data-element_type=\"widget\" data-widget_type=\"text-editor.default\">\n\t\t\t\t<div class=\"elementor-widget-container\">\n\t\t\t\t\t\t\t<p>The youth congress NEXT offers training twice a year\u2014once for industry and once for retail\u2014focusing on various industry topics. It takes place at different locations in collaboration with relevant partners from the food industry and retail landscape.<\/p>\t\t\t\t\t\t<\/div>\n\t\t\t\t<\/div>\n\t\t\t\t<\/div>\n\t\t\t\t<\/div>\n\t\t<div class=\"elementor-element elementor-element-14000f0 e-con-full e-flex e-con e-parent\" data-id=\"14000f0\" data-element_type=\"container\">\n\t\t<div class=\"elementor-element elementor-element-13503f2 e-con-full e-flex e-con e-child\" data-id=\"13503f2\" data-element_type=\"container\">\n\t\t\t\t<div class=\"elementor-element elementor-element-c58f9f3 elementor-widget elementor-widget-heading\" data-id=\"c58f9f3\" data-element_type=\"widget\" data-widget_type=\"heading.default\">\n\t\t\t\t<div class=\"elementor-widget-container\">\n\t\t\t<h2 class=\"elementor-heading-title elementor-size-default\">The first dates for 2026 will be announced in the fall of 2025 <\/h2>\t\t<\/div>\n\t\t\t\t<\/div>\n\t\t\t\t<\/div>\n\t\t\t\t<\/div>\n\t\t<div class=\"elementor-element elementor-element-f868feb e-con-full e-flex e-con e-parent\" data-id=\"f868feb\" data-element_type=\"container\" data-settings=\"{&quot;background_background&quot;:&quot;classic&quot;}\">\n\t\t<div class=\"elementor-element elementor-element-0e95989 e-con-full e-flex e-con e-child\" data-id=\"0e95989\" data-element_type=\"container\" data-settings=\"{&quot;background_background&quot;:&quot;classic&quot;}\">\n\t\t\t\t<div class=\"elementor-element elementor-element-c2d0ea6 elementor-widget elementor-widget-spacer\" data-id=\"c2d0ea6\" data-element_type=\"widget\" data-widget_type=\"spacer.default\">\n\t\t\t\t<div class=\"elementor-widget-container\">\n\t\t\t\t\t<div class=\"elementor-spacer\">\n\t\t\t<div class=\"elementor-spacer-inner\"><\/div>\n\t\t<\/div>\n\t\t\t\t<\/div>\n\t\t\t\t<\/div>\n\t\t\t\t<\/div>\n\t\t<div class=\"elementor-element elementor-element-4b55730 e-con-full e-flex e-con e-child\" data-id=\"4b55730\" data-element_type=\"container\">\n\t\t\t\t<div class=\"elementor-element elementor-element-c255ce9 elementor-widget elementor-widget-heading\" data-id=\"c255ce9\" data-element_type=\"widget\" data-widget_type=\"heading.default\">\n\t\t\t\t<div class=\"elementor-widget-container\">\n\t\t\t<h2 class=\"elementor-heading-title elementor-size-default\">Recap of the Youth Congress Take-off 2023<\/h2>\t\t<\/div>\n\t\t\t\t<\/div>\n\t\t\t\t<div class=\"elementor-element elementor-element-bb263e6 elementor-widget elementor-widget-text-editor\" data-id=\"bb263e6\" data-element_type=\"widget\" data-widget_type=\"text-editor.default\">\n\t\t\t\t<div class=\"elementor-widget-container\">\n\t\t\t\t\t\t\t<p>You can find the recap of the youth congress held on March 28 and 29, 2023, at R\u00fcgenwalder M\u00fchle here.<\/p>\t\t\t\t\t\t<\/div>\n\t\t\t\t<\/div>\n\t\t\t\t<div class=\"elementor-element elementor-element-03e1676 elementor-widget elementor-widget-button\" data-id=\"03e1676\" data-element_type=\"widget\" data-widget_type=\"button.default\">\n\t\t\t\t<div class=\"elementor-widget-container\">\n\t\t\t\t\t<div class=\"elementor-button-wrapper\">\n\t\t\t<a class=\"elementor-button elementor-button-link elementor-size-sm\" href=\"https:\/\/s-e-t.com\/en\/2023\/10\/19\/symposium-2023-vereint-den-fokus-von-industrie-und-handel-fuer-metathemen-der-foodbranche\/\">\n\t\t\t\t\t\t<span class=\"elementor-button-content-wrapper\">\n\t\t\t\t\t\t\t\t\t<span class=\"elementor-button-text\">To the recap report<\/span>\n\t\t\t\t\t<\/span>\n\t\t\t\t\t<\/a>\n\t\t<\/div>\n\t\t\t\t<\/div>\n\t\t\t\t<\/div>\n\t\t\t\t<\/div>\n\t\t\t\t<\/div>\n\t\t<div class=\"elementor-element elementor-element-8f49563 e-con-full e-flex e-con e-parent\" data-id=\"8f49563\" data-element_type=\"container\" data-settings=\"{&quot;background_background&quot;:&quot;classic&quot;}\">\n\t\t<div class=\"elementor-element elementor-element-66d1da5 e-con-full e-flex e-con e-child\" data-id=\"66d1da5\" data-element_type=\"container\">\n\t\t\t\t<div class=\"elementor-element elementor-element-21ef13a elementor-widget elementor-widget-heading\" data-id=\"21ef13a\" data-element_type=\"widget\" data-widget_type=\"heading.default\">\n\t\t\t\t<div class=\"elementor-widget-container\">\n\t\t\t<h2 class=\"elementor-heading-title elementor-size-default\">Growing Together Take-off 2023<\/h2>\t\t<\/div>\n\t\t\t\t<\/div>\n\t\t\t\t<div class=\"elementor-element elementor-element-d14c64b elementor-widget elementor-widget-text-editor\" data-id=\"d14c64b\" data-element_type=\"widget\" data-widget_type=\"text-editor.default\">\n\t\t\t\t<div class=\"elementor-widget-container\">\n\t\t\t\t\t\t\t<p>The popular youth congress of Symposium Essen + Trinken successfully relaunched on March 28 and 29. The Take-off 2023 event was hosted by the cooperation partner R\u00fcgenwalder M\u00fchle in Bad Zwischenahn. Nearly 50 up-and-coming leaders from the retail food sector (LEH) and top-tier speakers participated. The event focused on a current industry topic: the mega-trend of individualization creating space for the coexistence of animal-based and plant-based foods.<\/p>\t\t\t\t\t\t<\/div>\n\t\t\t\t<\/div>\n\t\t\t\t<div class=\"elementor-element elementor-element-350d9bd elementor-absolute elementor-hidden-mobile elementor-widget elementor-widget-image\" data-id=\"350d9bd\" data-element_type=\"widget\" data-settings=\"{&quot;_position&quot;:&quot;absolute&quot;}\" data-widget_type=\"image.default\">\n\t\t\t\t<div class=\"elementor-widget-container\">\n\t\t\t\t\t\t\t\t\t\t\t\t\t<img fetchpriority=\"high\" decoding=\"async\" width=\"800\" height=\"646\" src=\"https:\/\/s-e-t.com\/wp-content\/uploads\/2024\/11\/lemon-2-1024x827.png\" class=\"attachment-large size-large wp-image-11773\" alt=\"Grafische Darstellung einer Gurkenscheibe mit gr\u00fcnem Rand und innerlichen Samenmustern in hellgr\u00fcner Farbe\" srcset=\"https:\/\/s-e-t.com\/wp-content\/uploads\/2024\/11\/lemon-2-1024x827.png 1024w, https:\/\/s-e-t.com\/wp-content\/uploads\/2024\/11\/lemon-2-300x242.png 300w, https:\/\/s-e-t.com\/wp-content\/uploads\/2024\/11\/lemon-2-768x620.png 768w, https:\/\/s-e-t.com\/wp-content\/uploads\/2024\/11\/lemon-2-1536x1241.png 1536w, https:\/\/s-e-t.com\/wp-content\/uploads\/2024\/11\/lemon-2-15x12.png 15w, https:\/\/s-e-t.com\/wp-content\/uploads\/2024\/11\/lemon-2.png 1571w\" sizes=\"(max-width: 800px) 100vw, 800px\" \/>\t\t\t\t\t\t\t\t\t\t\t\t\t<\/div>\n\t\t\t\t<\/div>\n\t\t\t\t<\/div>\n\t\t<div class=\"elementor-element elementor-element-f0fb27a e-con-full e-flex e-con e-child\" data-id=\"f0fb27a\" data-element_type=\"container\" data-settings=\"{&quot;background_background&quot;:&quot;classic&quot;}\">\n\t\t\t\t<div class=\"elementor-element elementor-element-be33818 elementor-widget elementor-widget-spacer\" data-id=\"be33818\" data-element_type=\"widget\" data-widget_type=\"spacer.default\">\n\t\t\t\t<div class=\"elementor-widget-container\">\n\t\t\t\t\t<div class=\"elementor-spacer\">\n\t\t\t<div class=\"elementor-spacer-inner\"><\/div>\n\t\t<\/div>\n\t\t\t\t<\/div>\n\t\t\t\t<\/div>\n\t\t\t\t<\/div>\n\t\t\t\t<\/div>\n\t\t<div class=\"elementor-element elementor-element-1a95ee4 e-con-full e-flex e-con e-parent\" data-id=\"1a95ee4\" data-element_type=\"container\">\n\t\t<div class=\"elementor-element elementor-element-9fe0c05 e-con-full e-flex e-con e-child\" data-id=\"9fe0c05\" data-element_type=\"container\">\n\t\t\t\t<div class=\"elementor-element elementor-element-e1c676b elementor-widget elementor-widget-heading\" data-id=\"e1c676b\" data-element_type=\"widget\" data-widget_type=\"heading.default\">\n\t\t\t\t<div class=\"elementor-widget-container\">\n\t\t\t<h2 class=\"elementor-heading-title elementor-size-default\">Career Catalyst: Practical Knowledge from Experts<\/h2>\t\t<\/div>\n\t\t\t\t<\/div>\n\t\t\t\t<\/div>\n\t\t<div class=\"elementor-element elementor-element-a8f8c41 e-con-full e-flex e-con e-child\" data-id=\"a8f8c41\" data-element_type=\"container\">\n\t\t\t\t<div class=\"elementor-element elementor-element-e41d8fb elementor-align-right elementor-mobile-align-center elementor-widget elementor-widget-button\" data-id=\"e41d8fb\" data-element_type=\"widget\" data-widget_type=\"button.default\">\n\t\t\t\t<div class=\"elementor-widget-container\">\n\t\t\t\t\t<div class=\"elementor-button-wrapper\">\n\t\t\t<a class=\"elementor-button elementor-button-link elementor-size-sm\" href=\"https:\/\/s-e-t.com\/en\/teilnahme\/\">\n\t\t\t\t\t\t<span class=\"elementor-button-content-wrapper\">\n\t\t\t\t\t\t\t\t\t<span class=\"elementor-button-text\">Participation<\/span>\n\t\t\t\t\t<\/span>\n\t\t\t\t\t<\/a>\n\t\t<\/div>\n\t\t\t\t<\/div>\n\t\t\t\t<\/div>\n\t\t\t\t<\/div>\n\t\t\t\t<\/div>\n\t\t\t\t<\/div>","protected":false},"excerpt":{"rendered":"<p>Branchennachwuchs f\u00f6rdern Das Symposium f\u00f6rdert, vernetzt und bef\u00e4higt die F\u00fchrungskr\u00e4fte von morgen. Zukunftssicher durch Nachwuchsf\u00f6rderung Das Symposium f\u00f6rdert, vernetzt und bef\u00e4higt den Branchennachwuchs. Auf den Veranstaltungen der Dialogplattform wird F\u00fchrungskr\u00e4ften [&hellip;]<\/p>","protected":false},"author":4,"featured_media":0,"parent":0,"menu_order":0,"comment_status":"closed","ping_status":"closed","template":"elementor_header_footer","meta":{"footnotes":""},"class_list":["post-159","page","type-page","status-publish","hentry"],"_links":{"self":[{"href":"https:\/\/s-e-t.com\/en\/wp-json\/wp\/v2\/pages\/159","targetHints":{"allow":["GET"]}}],"collection":[{"href":"https:\/\/s-e-t.com\/en\/wp-json\/wp\/v2\/pages"}],"about":[{"href":"https:\/\/s-e-t.com\/en\/wp-json\/wp\/v2\/types\/page"}],"author":[{"embeddable":true,"href":"https:\/\/s-e-t.com\/en\/wp-json\/wp\/v2\/users\/4"}],"replies":[{"embeddable":true,"href":"https:\/\/s-e-t.com\/en\/wp-json\/wp\/v2\/comments?post=159"}],"version-history":[{"count":7,"href":"https:\/\/s-e-t.com\/en\/wp-json\/wp\/v2\/pages\/159\/revisions"}],"predecessor-version":[{"id":12614,"href":"https:\/\/s-e-t.com\/en\/wp-json\/wp\/v2\/pages\/159\/revisions\/12614"}],"wp:attachment":[{"href":"https:\/\/s-e-t.com\/en\/wp-json\/wp\/v2\/media?parent=159"}],"curies":[{"name":"wp","href":"https:\/\/api.w.org\/{rel}","templated":true}]}}